{"id":2549,"date":"2025-08-20T18:15:02","date_gmt":"2025-08-20T16:15:02","guid":{"rendered":"https:\/\/psz-mg.de\/?page_id=2549"},"modified":"2026-03-26T01:00:01","modified_gmt":"2026-03-26T00:00:01","slug":"datenschutzerklaerung","status":"publish","type":"page","link":"https:\/\/psz-mg.de\/datenschutzerklaerung\/","title":{"rendered":"Datenschutzerkl\u00e4rung"},"content":{"rendered":"\t\t<div data-elementor-type=\"wp-page\" data-elementor-id=\"2549\" class=\"elementor elementor-2549\">\n\t\t\t\t<div class=\"elementor-element elementor-element-ccf65e0 e-flex e-con-boxed e-con e-parent\" data-id=\"ccf65e0\" data-element_type=\"container\" data-e-type=\"container\">\n\t\t\t\t\t<div class=\"e-con-inner\">\n\t\t<div class=\"elementor-element elementor-element-9ea7406 e-con-full e-flex e-con e-child\" data-id=\"9ea7406\" data-element_type=\"container\" data-e-type=\"container\">\n\t\t\t\t<div class=\"elementor-element elementor-element-8d8fc0f elementor-widget elementor-widget-image\" data-id=\"8d8fc0f\" data-element_type=\"widget\" data-e-type=\"widget\" data-widget_type=\"image.default\">\n\t\t\t\t\t\t\t\t\t\t\t\t\t\t\t<img decoding=\"async\" width=\"150\" height=\"150\" src=\"https:\/\/psz-mg.de\/wp-content\/uploads\/2025\/08\/cropped-PSZ-Logo_neu_Kreis-150x150.png\" class=\"attachment-thumbnail size-thumbnail wp-image-136\" alt=\"logo_psz\" srcset=\"https:\/\/psz-mg.de\/wp-content\/uploads\/2025\/08\/cropped-PSZ-Logo_neu_Kreis-150x150.png 150w, https:\/\/psz-mg.de\/wp-content\/uploads\/2025\/08\/cropped-PSZ-Logo_neu_Kreis-300x300.png 300w, https:\/\/psz-mg.de\/wp-content\/uploads\/2025\/08\/cropped-PSZ-Logo_neu_Kreis-768x772.png 768w, https:\/\/psz-mg.de\/wp-content\/uploads\/2025\/08\/cropped-PSZ-Logo_neu_Kreis-360x362.png 360w, https:\/\/psz-mg.de\/wp-content\/uploads\/2025\/08\/elementor\/thumbs\/cropped-PSZ-Logo_neu_Kreis-raqrx8ncjteoggima33qnir40zyifc3ky5wgu9gfj4.png 400w, https:\/\/psz-mg.de\/wp-content\/uploads\/2025\/08\/elementor\/thumbs\/cropped-PSZ-Logo_neu_Kreis-raqrx8nbxw0gngfr2mo5lhbxibup3ghq09lvrk7tik.png 350w, https:\/\/psz-mg.de\/wp-content\/uploads\/2025\/08\/cropped-PSZ-Logo_neu_Kreis.png 803w\" sizes=\"(max-width: 150px) 100vw, 150px\" \/>\t\t\t\t\t\t\t\t\t\t\t\t\t\t\t<\/div>\n\t\t\t\t<\/div>\n\t\t<div class=\"elementor-element elementor-element-a2c48b9 e-con-full e-flex e-con e-child\" data-id=\"a2c48b9\" data-element_type=\"container\" data-e-type=\"container\">\n\t\t\t\t<div class=\"elementor-element elementor-element-98409a8 elementor-widget elementor-widget-text-editor\" data-id=\"98409a8\" data-element_type=\"widget\" data-e-type=\"widget\" data-widget_type=\"text-editor.default\">\n\t\t\t\t\t\t\t\t\t<p>Psychosoziales Zentrum f\u00fcr Gefl\u00fcchtete M\u00f6nchengladbach e.V.<\/p>\t\t\t\t\t\t\t\t<\/div>\n\t\t\t\t<\/div>\n\t\t\t\t\t<\/div>\n\t\t\t\t<\/div>\n\t\t<div class=\"elementor-element elementor-element-6f7a6d1 e-flex e-con-boxed e-con e-parent\" data-id=\"6f7a6d1\" data-element_type=\"container\" data-e-type=\"container\">\n\t\t\t\t\t<div class=\"e-con-inner\">\n\t\t\t\t<div class=\"elementor-element elementor-element-e53ff73 elementor-widget elementor-widget-heading\" data-id=\"e53ff73\" data-element_type=\"widget\" data-e-type=\"widget\" data-widget_type=\"heading.default\">\n\t\t\t\t\t<h4 class=\"elementor-heading-title elementor-size-default\">Datenschutzerkl\u00e4rung<\/h4>\t\t\t\t<\/div>\n\t\t\t\t\t<\/div>\n\t\t\t\t<\/div>\n\t\t<div class=\"elementor-element elementor-element-0e2ea19 e-flex e-con-boxed e-con e-parent\" data-id=\"0e2ea19\" data-element_type=\"container\" data-e-type=\"container\">\n\t\t\t\t\t<div class=\"e-con-inner\">\n\t\t<div class=\"elementor-element elementor-element-9106726 e-con-full e-flex e-con e-child\" data-id=\"9106726\" data-element_type=\"container\" data-e-type=\"container\">\n\t\t\t\t<div class=\"elementor-element elementor-element-da20b0c elementor-widget__width-initial elementor-invisible elementor-widget elementor-widget-text-editor\" data-id=\"da20b0c\" data-element_type=\"widget\" data-e-type=\"widget\" data-settings=\"{&quot;_animation&quot;:&quot;fadeIn&quot;}\" data-widget_type=\"text-editor.default\">\n\t\t\t\t\t\t\t\t\t<p>Der Schutz von personenbezogenen Daten und somit Ihrer Privatsph\u00e4re wird von uns ernst genommen. Wir m\u00f6chten hier darstellen, wie wir Ihre Daten sch\u00fctzen und verarbeiten. Die Datenschutzerkl\u00e4rung erf\u00fcllt die Informationspflichten gem\u00e4\u00df den Anforderungen aus Art. 12 ff. der EU Datenschutzgrundverordnung (nachfolgend \u201eDSGVO\u201c genannt) und gibt einen \u00dcberblick \u00fcber die Verarbeitung Ihrer personenbezogenen Daten (nachfolgend \u201eDaten\u201c genannt) auf dieser Webseite bzw. bei den von uns eingesetzten Diensten wie Newsletter-Tool, Facebook, Instagram, Analyse-Tools.<\/p><p>Weitere Informationen \u00fcber die DSGVO bekommen Sie auf den Seiten des Bundesdatenschutzbeauftragten (<a href=\"https:\/\/www.bfdi.bund.de\/DE\/Datenschutz\/DatenschutzGVO\/DatenschutzGVO-node.html\">Link zur Seite des BFDI<\/a>)<\/p><p>Im Folgenden stellen wir dar, welche personenbezogenen Daten wir sammeln bzw. wir sammeln werden und wie wir diese verarbeitet?<\/p><p><strong>WER IST F\u00dcR DIE INTERNETSEITE, DIE PR\u00c4SENZ BEI FACEBOOK &amp; INSTAGRAM UND DIE VERARBEITUNG MEINER DATEN VERANTWORTLICH?<\/strong><\/p><p>Die Seite des F\u00f6rdervereins des Psychosozialen Zentrums wird vom Vorstand des Vereins verantwortet (Betreiber). F\u00fcr die Verarbeitung der Daten auf dieser Webseite und den angeschlossenen Plattformen ist der Vorstand gesamthaft verantwortlich. Wir verarbeitet personenbezogene Daten im Einklang mit den Bestimmungen der DSGVO.<\/p><div class=\"wp-block-group\"><div class=\"wp-block-group__inner-container\"><p><strong>Betreiber:<\/strong> F\u00f6rderverein Psychosoziales Zentrum f\u00fcr Gefl\u00fcchtete M\u00f6nchengladbach e.V. <br \/>c\/o SKM M\u00f6nchengladbach e.V.<br \/>Waisenhausstra\u00dfe 22c, 41236 M\u00f6nchengladbach<\/p><p><strong>Kontakt:<br \/><\/strong>Telefon: 02166 130 97 0<br \/>E-Mail: <a href=\"mailto:in**@****mg.de\" data-original-string=\"GfFKFoj8SqiZVdxUjxMeyw==bab9KbnoME2W\/E0t+wVkoR4Dg==\" title=\"Dieser Kontakt wurde von Anti-Spam by CleanTalk verschl\u00fcsselt. Klicken Sie hier, um ihn zu entschl\u00fcsseln. Um die Entschl\u00fcsselung abzuschlie\u00dfen, stellen Sie sicher, dass JavaScript in Ihrem Browser aktiviert ist.\"><span \n                data-original-string='wWD9K6YWn4aYpybSJsg+HA==bab7umrWX+PXNn0UjDEUxOWZg=='\n                class='apbct-email-encoder'\n                title='Dieser Kontakt wurde von Anti-Spam by CleanTalk verschl\u00fcsselt. Klicken Sie hier, um ihn zu entschl\u00fcsseln. Um die Entschl\u00fcsselung abzuschlie\u00dfen, stellen Sie sicher, dass JavaScript in Ihrem Browser aktiviert ist.'>in<span class=\"apbct-blur\">**<\/span>@<span class=\"apbct-blur\">****<\/span>mg.de<\/span><\/a><\/p><div class=\"wp-block-group\"><div class=\"wp-block-group__inner-container\"><p><strong>SERVER-LOG-DATEN \u2013 INTERNETVERKEHRSDATEN<\/strong><\/p><p>Der Provider der Seiten (Anbieter: ALL-INKL.COM; Neue Medien M\u00fcnnich, D-02742 Friedersdorf) erhebt und speichert automatisch Informationen in so genannten Server-Log-Dateien, die Ihr Browser automatisch an uns \u00fcbermittelt. Dies sind:<\/p><\/div><\/div><ul><li>Browsertyp und Browserversion, sowie das verwendete Betriebssystem<\/li><li>Referrer URL (von welcher Seite sind Sie auf die Website gekommen)<\/li><li>Hostname des zugreifenden Rechners<\/li><li>Uhrzeit der Serveranfrage<\/li><li>IP-Adresse<\/li><\/ul><p>Eine Zusammenf\u00fchrung dieser Daten mit anderen Datenquellen wird durch den Betreiber nicht vorgenommen.<\/p><p>Grundlage f\u00fcr die Datenverarbeitung ist Art. 6 Abs. 1 lit. f DSGVO, der die Verarbeitung von Daten zur Erf\u00fcllung eines Vertrags oder vorvertraglicher Ma\u00dfnahmen gestattet.<\/p><p><strong>COOKIES<\/strong><\/p><p>Unsere Website verwendet Cookies. Cookies sind Datenpakete, die zwischen Computerprogrammen ausgetauscht werden, welche auf Ihrem Endger\u00e4t gespeichert werden. Ihr Browser greift auf diese Dateien zu, um die Benutzerfreundlichkeit und Sicherheit dieser Website herzustellen. Diese Datenpakete werden automatisch gel\u00f6scht, wenn Sie Ihren Browser schlie\u00dfen. Sie haben die M\u00f6glichkeit, Cookies durch eine entsprechende Einstellung Ihres Browsers abzuschalten. Die weitere Nutzung dieser Seite wird als Zustimmung betrachtet.<\/p><p><strong>FACEBOOK &amp; INSTAGRAM<\/strong><\/p><p>Die Seite nutzt auch die technische Plattform und die Dienste der Facebook Ireland Ltd., 4 Grand Canal Square, Grand Canal Harbour, Dublin 2, Ireland, und der Instagram Inc., 1601 Willow Road, Menlo Park, CA, 94025, USA.Wir weisen Sie darauf hin, dass Sie diese Dienste und ihre Funktionen in eigener Verantwortung nutzen. Dies gilt insbesondere f\u00fcr die Nutzung der interaktiven Funktionen (z.B. Kommentieren, Teilen, Bewerten). Beim Besuch unserer Facebook-Seite erfasst Facebook unter anderem Ihre IP-Adresse sowie weitere Informationen, die in Form von Cookies auf Ihrem PC vorhanden sind. Diese Informationen werden verwendet, um uns als Betreiber der Facebook-Seiten statistische Informationen \u00fcber die Inanspruchnahme der Facebook-Seite zur Verf\u00fcgung zu stellen. N\u00e4here Informationen hierzu stellt Facebook unter folgendem Link zur Verf\u00fcgung: <a href=\"http:\/\/de-de.facebook.com\/help\/pages\/insights\" target=\"_blank\" rel=\"noreferrer noopener\">http:\/\/de-de.facebook.com\/help\/pages\/insights<\/a><\/p><p>Welche Informationen Facebook erh\u00e4lt und wie diese verwendet werden, beschreibt Facebook in allgemeiner Form in seinen Datenverwendungsrichtlinien; siehe:\u00a0<a href=\"http:\/\/facebook.com\/about\/privacy\" target=\"_blank\" rel=\"noreferrer noopener\">http:\/\/facebook.com\/about\/privacy<\/a>. Die vollst\u00e4ndige Datenrichtlinien von Facebook beschreibt die Informationen, die Facebook zur Unterst\u00fctzung von Facebook, Instagram, Messenger und anderen von Facebook angebotenen Produkten und Funktionen verarbeiten: Siehe\u00a0<a href=\"http:\/\/facebook.com\/full_data_use_policy\" target=\"_blank\" rel=\"noreferrer noopener\">http:\/\/facebook.com\/full_data_use_polic<\/a><\/p><p>Dies gilt auch f\u00fcr Instagram. Informationen zu den von Instagram verwendeten Daten finden sie hier:\u00a0<a href=\"http:\/\/instagram.com\/about\/legal\/privacy\" target=\"_blank\" rel=\"noreferrer noopener\">http:\/\/instagram.com\/about\/legal\/privacy<\/a>.<\/p><\/div><\/div>\t\t\t\t\t\t\t\t<\/div>\n\t\t\t\t<\/div>\n\t\t<div class=\"elementor-element elementor-element-3bde3ce e-con-full e-flex e-con e-child\" data-id=\"3bde3ce\" data-element_type=\"container\" data-e-type=\"container\">\n\t\t\t\t<div class=\"elementor-element elementor-element-ca8f580 elementor-invisible elementor-widget elementor-widget-text-editor\" data-id=\"ca8f580\" data-element_type=\"widget\" data-e-type=\"widget\" data-settings=\"{&quot;_animation&quot;:&quot;fadeIn&quot;}\" data-widget_type=\"text-editor.default\">\n\t\t\t\t\t\t\t\t\t<p><strong>GOOGLE ANALYTICS &amp; ANALYSE DER NUTZERDATEN<\/strong><\/p><p><strong>Google Analytics:<\/strong>\u00a0Diese Website nutzt Funktionen des Webanalysedienstes Google Analytics. Anbieter ist die Google Inc., 1600 Amphitheatre Parkway, Mountain View, CA 94043, USA. Google Analytics verwendet so genannte \u201eCookies\u201c. Das sind Textdateien, die auf Ihrem Computer gespeichert werden und die eine Analyse der Benutzung der Website durch Sie erm\u00f6glichen. Die durch den Cookie erzeugten Informationen \u00fcber Ihre Benutzung dieser Website werden in der Regel an einen Server von Google in den USA \u00fcbertragen und dort gespeichert. Die Speicherung von Google-Analytics-Cookies erfolgt auf Grundlage von Art. 6 Abs. 1 lit. f DSGVO. Der Websitebetreiber hat ein berechtigtes Interesse an der Analyse des Nutzerverhaltens, um sowohl sein Webangebot alsauch seine Werbung zu optimieren.<\/p><p><strong>Hinweis zur IP Anonymisierung:<\/strong>\u00a0Wir haben auf dieser Website die Funktion IP-Anonymisierung aktiviert. Dadurch wird Ihre IP-Adresse von Google innerhalb von Mitgliedstaaten der Europ\u00e4ischen Union oder in anderen Vertragsstaaten des Abkommens \u00fcber den Europ\u00e4ischen Wirtschaftsraum vor der \u00dcbermittlung in die USA gek\u00fcrzt. Nur in Ausnahmef\u00e4llen wird die volle IP-Adresse an einen Server von Google in den USA \u00fcbertragen und dort gek\u00fcrzt. Im Auftrag des Betreibers dieser Website wird Google diese Informationen benutzen, um Ihre Nutzung der Website auszuwerten, um Reports \u00fcber die Websiteaktivit\u00e4ten zusammenzustellen und um weitere mit der Websitenutzung und der Internetnutzung verbundene Dienstleistungen gegen\u00fcber dem Websitebetreiber zu erbringen. Die im Rahmen von Google Analytics von Ihrem Browser \u00fcbermittelte IP-Adresse wird nicht mit anderen Daten von Google zusammengef\u00fchrt.<\/p><p><strong>Hinweis Browser Plugin:<\/strong>\u00a0Sie k\u00f6nnen die Speicherung der Cookies durch eine entsprechende Einstellung Ihrer Browser-Software verhindern; wir weisen Sie jedoch darauf hin, dass Sie in diesem Fall gegebenenfalls nicht s\u00e4mtliche Funktionen dieser Website vollumf\u00e4nglich werden nutzen k\u00f6nnen. Sie k\u00f6nnen dar\u00fcber hinaus die Erfassung der durch den Cookie erzeugten und auf Ihre Nutzung der Website bezogenen Daten (inkl. Ihrer IP-Adresse) an Google sowie die Verarbeitung dieser Daten durch Google verhindern, indem Sie das unter dem folgenden Link verf\u00fcgbare Browser-Plugin herunterladen und installieren:\u00a0<a href=\"https:\/\/tools.google.com\/dlpage\/gaoptout?hl=de\" target=\"_blank\" rel=\"noreferrer noopener\">https:\/\/tools.google.com\/dlpage\/gaoptout?hl=de<\/a>.<\/p><p>Hinweis zum Widerspruch gegen Datenerfassung:\u00a0Sie k\u00f6nnen die Erfassung Ihrer Browser-Daten durch Google Analytics verhindern, indem Sie ein Browser-Add-On herunterladen und istallieren. Es wird ein Opt-Out-Cookie gesetzt, der die Erfassung Ihrer Daten bei zuk\u00fcnftigen Besuchen dieser Website verhindert:\u00a0https:\/\/tools.google.com\/dlpage\/gaoptout\/<\/p><p>Mehr Informationen zum Umgang mit Nutzerdaten bei Google Analytics finden Sie in der Datenschutzerkl\u00e4rung von Google:\u00a0https:\/\/support.google.com\/analytics\/answer\/6004245?hl=de<\/p><p><strong>Hinweis zur Auftragsdatenverarbeitung:<\/strong>\u00a0Wir haben mit Google im Rahmen dieses Dienstes einen Vertrag zur Auftragsdatenverarbeitung abgeschlossen und setzen die strengen Vorgaben der deutschen Datenschutzbeh\u00f6rden bei der Nutzung von Google Analytics vollst\u00e4ndig um.<\/p><p><strong>Word Press:<\/strong> Unsere Seite wurde mit Word Press erstellt \u2013 einer Open Source Software des AnbietersWordPress Foundation, San Francisco, USA. Dieses Content-Management-System erlaubt uns anonymisiert auszuwerten, bspw. wie h\u00e4ufig ein Inhalt auf unserer Website genutzt wurde.<\/p><p><strong>EINGEBETTETE INHALTE VON ANDEREN WEBSITES<\/strong><\/p><p>Beitr\u00e4ge auf dieser Website k\u00f6nnen eingebettete Inhalte beinhalten (z. B. Videos, Bilder, Beitr\u00e4ge etc.). Diese Websites k\u00f6nnen Daten \u00fcber Sie sammeln, Cookies benutzen, zus\u00e4tzliche Tracking-Dienste von Dritten einbetten und Ihre Interaktion mit diesem eingebetteten Inhalt aufzeichnen, inklusive Ihrer Interaktion mit dem eingebetteten Inhalt, falls Sie ein Konto haben und auf dieser Website angemeldet sind. Eingebettete Inhalte von anderen Websites verhalten sich also exakt so, als ob der Besucher die andere Website besucht h\u00e4tte.<\/p><p><strong>WELCHE RECHTE HABEN SIE?<\/strong><\/p><p>Sie haben ein Recht auf Auskunft \u00fcber Ihre bei uns gespeicherten personenbezogenen Daten und auf Bereitstellung dieser Daten in maschinenlesbarer Form (Recht auf Auskunft, Art. 15 DSGVO). Im Weiteren stehen Ihnen folgende Rechte zu:<\/p><p>Recht auf Berichtigung, Art. 16 DSGVO<br \/>Recht auf L\u00f6schung, Art. 17 DSGVO<br \/>Recht auf Einschr\u00e4nkung der Verarbeitung, Art. 18 DSGVO<br \/>Recht auf Widerspruch gegen die Erhebung, Verarbeitung und\/oder Nutzung, Art. 21 DSGVO<br \/>Recht auf Daten\u00fcbertragbarkeit, Art. 20 DSGVO<\/p><p><strong>Weitere Fragen zum Datenschutz bitte an: <a href=\"mailto:in**@****mg.de\" data-original-string=\"+lOJ6SmjX5jH1HoCl0Du3w==bab6qf08Gq\/vRRzrMer+NDvYw==\" title=\"Dieser Kontakt wurde von Anti-Spam by CleanTalk verschl\u00fcsselt. Klicken Sie hier, um ihn zu entschl\u00fcsseln. Um die Entschl\u00fcsselung abzuschlie\u00dfen, stellen Sie sicher, dass JavaScript in Ihrem Browser aktiviert ist.\"><span \n                data-original-string='kCshWIfMAWZCUMpOJ\/Otzw==babzXNokVw0p2U8Y3Td5vVPJA=='\n                class='apbct-email-encoder'\n                title='Dieser Kontakt wurde von Anti-Spam by CleanTalk verschl\u00fcsselt. Klicken Sie hier, um ihn zu entschl\u00fcsseln. Um die Entschl\u00fcsselung abzuschlie\u00dfen, stellen Sie sicher, dass JavaScript in Ihrem Browser aktiviert ist.'>in<span class=\"apbct-blur\">**<\/span>@<span class=\"apbct-blur\">****<\/span>mg.de<\/span><\/a><\/strong><\/p>\t\t\t\t\t\t\t\t<\/div>\n\t\t\t\t<\/div>\n\t\t\t\t\t<\/div>\n\t\t\t\t<\/div>\n\t\t\t\t<\/div>\n\t\t","protected":false},"excerpt":{"rendered":"<p>Psychosoziales Zentrum f\u00fcr Gefl\u00fcchtete M\u00f6nchengladbach e.V. Datenschutzerkl\u00e4rung Der Schutz von personenbezogenen Daten und somit Ihrer Privatsph\u00e4re wird von uns ernst [&hellip;]<\/p>\n","protected":false},"author":1,"featured_media":645,"parent":0,"menu_order":0,"comment_status":"closed","ping_status":"closed","template":"","meta":{"site-sidebar-layout":"default","site-content-layout":"","ast-site-content-layout":"default","site-content-style":"default","site-sidebar-style":"default","ast-global-header-display":"","ast-banner-title-visibility":"","ast-main-header-display":"","ast-hfb-above-header-display":"","ast-hfb-below-header-display":"","ast-hfb-mobile-header-display":"","site-post-title":"","ast-breadcrumbs-content":"","ast-featured-img":"","footer-sml-layout":"","ast-disable-related-posts":"","theme-transparent-header-meta":"","adv-header-id-meta":"","stick-header-meta":"","header-above-stick-meta":"","header-main-stick-meta":"","header-below-stick-meta":"","astra-migrate-meta-layouts":"default","ast-page-background-enabled":"default","ast-page-background-meta":{"desktop":{"background-color":"var(--ast-global-color-5)","background-image":"","background-repeat":"repeat","background-position":"center center","background-size":"auto","background-attachment":"scroll","background-type":"","background-media":"","overlay-type":"","overlay-color":"","overlay-opacity":"","overlay-gradient":""},"tablet":{"background-color":"","background-image":"","background-repeat":"repeat","background-position":"center center","background-size":"auto","background-attachment":"scroll","background-type":"","background-media":"","overlay-type":"","overlay-color":"","overlay-opacity":"","overlay-gradient":""},"mobile":{"background-color":"","background-image":"","background-repeat":"repeat","background-position":"center center","background-size":"auto","background-attachment":"scroll","background-type":"","background-media":"","overlay-type":"","overlay-color":"","overlay-opacity":"","overlay-gradient":""}},"ast-content-background-meta":{"desktop":{"background-color":"var(--ast-global-color-4)","background-image":"","background-repeat":"repeat","background-position":"center center","background-size":"auto","background-attachment":"scroll","background-type":"","background-media":"","overlay-type":"","overlay-color":"","overlay-opacity":"","overlay-gradient":""},"tablet":{"background-color":"var(--ast-global-color-4)","background-image":"","background-repeat":"repeat","background-position":"center center","background-size":"auto","background-attachment":"scroll","background-type":"","background-media":"","overlay-type":"","overlay-color":"","overlay-opacity":"","overlay-gradient":""},"mobile":{"background-color":"var(--ast-global-color-4)","background-image":"","background-repeat":"repeat","background-position":"center center","background-size":"auto","background-attachment":"scroll","background-type":"","background-media":"","overlay-type":"","overlay-color":"","overlay-opacity":"","overlay-gradient":""}},"footnotes":""},"class_list":["post-2549","page","type-page","status-publish","has-post-thumbnail","hentry"],"_links":{"self":[{"href":"https:\/\/psz-mg.de\/wp-json\/wp\/v2\/pages\/2549","targetHints":{"allow":["GET"]}}],"collection":[{"href":"https:\/\/psz-mg.de\/wp-json\/wp\/v2\/pages"}],"about":[{"href":"https:\/\/psz-mg.de\/wp-json\/wp\/v2\/types\/page"}],"author":[{"embeddable":true,"href":"https:\/\/psz-mg.de\/wp-json\/wp\/v2\/users\/1"}],"replies":[{"embeddable":true,"href":"https:\/\/psz-mg.de\/wp-json\/wp\/v2\/comments?post=2549"}],"version-history":[{"count":19,"href":"https:\/\/psz-mg.de\/wp-json\/wp\/v2\/pages\/2549\/revisions"}],"predecessor-version":[{"id":2979,"href":"https:\/\/psz-mg.de\/wp-json\/wp\/v2\/pages\/2549\/revisions\/2979"}],"wp:featuredmedia":[{"embeddable":true,"href":"https:\/\/psz-mg.de\/wp-json\/wp\/v2\/media\/645"}],"wp:attachment":[{"href":"https:\/\/psz-mg.de\/wp-json\/wp\/v2\/media?parent=2549"}],"curies":[{"name":"wp","href":"https:\/\/api.w.org\/{rel}","templated":true}]}}