{"id":16,"date":"2025-08-15T00:19:15","date_gmt":"2025-08-14T22:19:15","guid":{"rendered":"https:\/\/psz-mg.de\/?page_id=16"},"modified":"2026-04-16T12:44:52","modified_gmt":"2026-04-16T10:44:52","slug":"kontakt-anmeldung","status":"publish","type":"page","link":"https:\/\/psz-mg.de\/kontakt-anmeldung\/","title":{"rendered":"Kontakt &amp; Anmeldung"},"content":{"rendered":"\t\t<div data-elementor-type=\"wp-page\" data-elementor-id=\"16\" class=\"elementor elementor-16\">\n\t\t\t\t<div class=\"elementor-element elementor-element-968b99e e-flex e-con-boxed e-con e-parent\" data-id=\"968b99e\" data-element_type=\"container\" data-e-type=\"container\">\n\t\t\t\t\t<div class=\"e-con-inner\">\n\t\t\t\t<div class=\"elementor-element elementor-element-c211655 elementor-widget elementor-widget-spacer\" data-id=\"c211655\" data-element_type=\"widget\" data-e-type=\"widget\" data-widget_type=\"spacer.default\">\n\t\t\t\t\t\t\t<div class=\"elementor-spacer\">\n\t\t\t<div class=\"elementor-spacer-inner\"><\/div>\n\t\t<\/div>\n\t\t\t\t\t\t<\/div>\n\t\t\t\t<div class=\"elementor-element elementor-element-8087198 elementor-widget elementor-widget-text-editor\" data-id=\"8087198\" data-element_type=\"widget\" data-e-type=\"widget\" data-widget_type=\"text-editor.default\">\n\t\t\t\t\t\t\t\t\t<h5>Psychosoziales Zentrum f\u00fcr Gefl\u00fcchtete \u2013 M\u00f6nchengladbach<\/h5><p>im <strong>SKM M\u00f6nchengladbach e.V.<\/strong><br \/>Waisenhausstra\u00dfe 22c<br \/>41236 M\u00f6nchengladbach<br \/>Tel.: 02166 130 97 66<br \/>Fax: 02166 130 97 69<br \/>E-Mail: <a href=\"mailto:ps*@****mg.de\" data-original-string=\"68W740\/QoqGVkHyXN2LWZA==babeDH1Xc7d6q4ahl7LUJaFOw==\" title=\"Dieser Kontakt wurde von Anti-Spam by CleanTalk verschl\u00fcsselt. Klicken Sie hier, um ihn zu entschl\u00fcsseln. Um die Entschl\u00fcsselung abzuschlie\u00dfen, stellen Sie sicher, dass JavaScript in Ihrem Browser aktiviert ist.\"><strong><span \n                data-original-string='dV33LbwAGnELBac1FCnjSw==babyaAIAJX\/N8tMnZ7xtIQqbQ=='\n                class='apbct-email-encoder'\n                title='Dieser Kontakt wurde von Anti-Spam by CleanTalk verschl\u00fcsselt. Klicken Sie hier, um ihn zu entschl\u00fcsseln. Um die Entschl\u00fcsselung abzuschlie\u00dfen, stellen Sie sicher, dass JavaScript in Ihrem Browser aktiviert ist.'>ps<span class=\"apbct-blur\">*<\/span>@<span class=\"apbct-blur\">****<\/span>mg.de<\/span><\/strong><\/a><\/p>\t\t\t\t\t\t\t\t<\/div>\n\t\t\t\t<div class=\"elementor-element elementor-element-4859a40 elementor-widget elementor-widget-text-editor\" data-id=\"4859a40\" data-element_type=\"widget\" data-e-type=\"widget\" data-widget_type=\"text-editor.default\">\n\t\t\t\t\t\t\t\t\t<h5 class=\"bde-heading-160-200 bde-heading\"><span style=\"color: #ffffff;\">Erreichbarkeit und Termin\u00advereinbarung: mittwochs von 10 bis 12 Uhr<\/span><\/h5>\t\t\t\t\t\t\t\t<\/div>\n\t\t\t\t<div class=\"elementor-element elementor-element-0079cfc elementor-widget elementor-widget-spacer\" data-id=\"0079cfc\" data-element_type=\"widget\" data-e-type=\"widget\" data-widget_type=\"spacer.default\">\n\t\t\t\t\t\t\t<div class=\"elementor-spacer\">\n\t\t\t<div class=\"elementor-spacer-inner\"><\/div>\n\t\t<\/div>\n\t\t\t\t\t\t<\/div>\n\t\t\t\t<div class=\"elementor-element elementor-element-d957358 elementor-widget elementor-widget-heading\" data-id=\"d957358\" data-element_type=\"widget\" data-e-type=\"widget\" data-widget_type=\"heading.default\">\n\t\t\t\t\t<h1 class=\"elementor-heading-title elementor-size-default\">Anmeldung<\/h1>\t\t\t\t<\/div>\n\t\t\t\t<div class=\"elementor-element elementor-element-fb02b3d elementor-widget elementor-widget-text-editor\" data-id=\"fb02b3d\" data-element_type=\"widget\" data-e-type=\"widget\" data-widget_type=\"text-editor.default\">\n\t\t\t\t\t\t\t\t\t<p style=\"text-align: left;\">Bitte fu\u0308llen Sie das Formular so vollst\u00e4ndig wie m\u00f6glich aus. Wir werden uns zeitnah bei Ihnen melden. <br \/><strong>Bringen Sie bitte (falls vorhanden) die Unterlagen fr\u00fcherer Behandlungen sowie die Dokumente zu Ihrem Asylverfahren zu Ihrem ersten Termin im PSZ mit.<\/strong><\/p>\t\t\t\t\t\t\t\t<\/div>\n\t\t\t\t<div class=\"elementor-element elementor-element-6ef43f2 elementor-widget__width-initial elementor-widget elementor-widget-shortcode\" data-id=\"6ef43f2\" data-element_type=\"widget\" data-e-type=\"widget\" data-widget_type=\"shortcode.default\">\n\t\t\t\t\t\t\t<div class=\"elementor-shortcode\">\n<div class=\"wpcf7 no-js\" id=\"wpcf7-f3300-o1\" lang=\"de-DE\" dir=\"ltr\" data-wpcf7-id=\"3300\">\n<div class=\"screen-reader-response\"><p role=\"status\" aria-live=\"polite\" aria-atomic=\"true\"><\/p> <ul><\/ul><\/div>\n<form action=\"\/index.php\/wp-json\/wp\/v2\/pages\/16#wpcf7-f3300-o1\" method=\"post\" class=\"wpcf7-form init\" aria-label=\"Kontaktformular\" novalidate=\"novalidate\" data-status=\"init\">\n<fieldset class=\"hidden-fields-container\"><input type=\"hidden\" name=\"_wpcf7\" value=\"3300\" \/><input type=\"hidden\" name=\"_wpcf7_version\" value=\"6.1.5\" \/><input type=\"hidden\" name=\"_wpcf7_locale\" value=\"de_DE\" \/><input type=\"hidden\" name=\"_wpcf7_unit_tag\" value=\"wpcf7-f3300-o1\" \/><input type=\"hidden\" name=\"_wpcf7_container_post\" value=\"0\" \/><input type=\"hidden\" name=\"_wpcf7_posted_data_hash\" value=\"\" \/>\n<\/fieldset>\n<style>\nlabel {\n display: block;\n margin-bottom: 4px; \/* nochmal reduziert *\/\n}\n\nh4 {\n margin-top: 12px;\n margin-bottom: 4px;\n}\n\ninput, textarea {\n margin-top: 2px;\n margin-bottom: 4px;\n}\n<\/style>\n<h4>Angaben zur Person\n<\/h4>\n<p><label><b>Name, Vorname<\/b><br \/>\n<span class=\"wpcf7-form-control-wrap\" data-name=\"person-name\"><input size=\"40\" maxlength=\"400\" class=\"wpcf7-form-control wpcf7-text wpcf7-validates-as-required\" aria-required=\"true\" aria-invalid=\"false\" value=\"\" type=\"text\" name=\"person-name\" \/><\/span><br \/>\n<\/label>\n<\/p>\n<p><label><b>Geburtsdatum (TT.MM.JJJJ)<\/b><br \/>\n<span class=\"wpcf7-form-control-wrap\" data-name=\"person-birth\"><input size=\"40\" maxlength=\"400\" class=\"wpcf7-form-control wpcf7-text\" aria-invalid=\"false\" value=\"\" type=\"text\" name=\"person-birth\" \/><\/span><br \/>\n<\/label>\n<\/p>\n<p><label><b>Geschlecht<\/b><br \/>\n<span class=\"wpcf7-form-control-wrap\" data-name=\"gender\"><span class=\"wpcf7-form-control wpcf7-radio\"><span class=\"wpcf7-list-item first\"><label><input type=\"radio\" name=\"gender\" value=\"w\" \/><span class=\"wpcf7-list-item-label\">w<\/span><\/label><\/span><span class=\"wpcf7-list-item\"><label><input type=\"radio\" name=\"gender\" value=\"m\" \/><span class=\"wpcf7-list-item-label\">m<\/span><\/label><\/span><span class=\"wpcf7-list-item last\"><label><input type=\"radio\" name=\"gender\" value=\"d\" \/><span class=\"wpcf7-list-item-label\">d<\/span><\/label><\/span><\/span><\/span><br \/>\n<\/label>\n<\/p>\n<p><label><b>Stra\u00dfe, Hausnummer<\/b><br \/>\n<span class=\"wpcf7-form-control-wrap\" data-name=\"person-address\"><input size=\"40\" maxlength=\"400\" class=\"wpcf7-form-control wpcf7-text\" aria-invalid=\"false\" value=\"\" type=\"text\" name=\"person-address\" \/><\/span><br \/>\n<\/label>\n<\/p>\n<p><label><b>Postleitzahl, Stadt<\/b><br \/>\n<span class=\"wpcf7-form-control-wrap\" data-name=\"person-city\"><input size=\"40\" maxlength=\"400\" class=\"wpcf7-form-control wpcf7-text\" aria-invalid=\"false\" value=\"\" type=\"text\" name=\"person-city\" \/><\/span><br \/>\n<\/label>\n<\/p>\n<p><label><b>Telefon<\/b><br \/>\n<span class=\"wpcf7-form-control-wrap\" data-name=\"person-phone\"><input size=\"40\" maxlength=\"400\" class=\"wpcf7-form-control wpcf7-tel wpcf7-validates-as-required wpcf7-text wpcf7-validates-as-tel\" aria-required=\"true\" aria-invalid=\"false\" value=\"\" type=\"tel\" name=\"person-phone\" \/><\/span><br \/>\n<\/label>\n<\/p>\n<p><label><b>E-Mail<\/b><br \/>\n<span class=\"wpcf7-form-control-wrap\" data-name=\"person-email\"><input size=\"40\" maxlength=\"400\" class=\"wpcf7-form-control wpcf7-email wpcf7-validates-as-required wpcf7-text wpcf7-validates-as-email\" aria-required=\"true\" aria-invalid=\"false\" value=\"\" type=\"email\" name=\"person-email\" \/><\/span><br \/>\n<\/label>\n<\/p>\n<h4>Angaben zur (gegebenenfalls) anmeldenden Person\n<\/h4>\n<p><label><b>Wer meldet an? (Name, Vorname)<\/b><br \/>\n<span class=\"wpcf7-form-control-wrap\" data-name=\"reporter-name\"><input size=\"40\" maxlength=\"400\" class=\"wpcf7-form-control wpcf7-text\" aria-invalid=\"false\" value=\"\" type=\"text\" name=\"reporter-name\" \/><\/span><br \/>\n<\/label>\n<\/p>\n<p><label><b>Einrichtung<\/b><br \/>\n<span class=\"wpcf7-form-control-wrap\" data-name=\"reporter-org\"><input size=\"40\" maxlength=\"400\" class=\"wpcf7-form-control wpcf7-text\" aria-invalid=\"false\" value=\"\" type=\"text\" name=\"reporter-org\" \/><\/span><br \/>\n<\/label>\n<\/p>\n<p><label><b>Telefon<\/b><br \/>\n<span class=\"wpcf7-form-control-wrap\" data-name=\"reporter-phone\"><input size=\"40\" maxlength=\"400\" class=\"wpcf7-form-control wpcf7-tel wpcf7-text wpcf7-validates-as-tel\" aria-invalid=\"false\" value=\"\" type=\"tel\" name=\"reporter-phone\" \/><\/span><br \/>\n<\/label>\n<\/p>\n<p><label><b>E-Mail<\/b><br \/>\n<span class=\"wpcf7-form-control-wrap\" data-name=\"reporter-email\"><input size=\"40\" maxlength=\"400\" class=\"wpcf7-form-control wpcf7-email wpcf7-text wpcf7-validates-as-email\" aria-invalid=\"false\" value=\"\" type=\"email\" name=\"reporter-email\" \/><\/span><br \/>\n<\/label>\n<\/p>\n<h4>Termin & Kontakt\n<\/h4>\n<p><label><b>Wen sollen wir \u00fcber einen Termin benachrichtigen?<\/b><\/label>\n<\/p>\n<p><label><span class=\"wpcf7-form-control-wrap\" data-name=\"notify-person\"><span class=\"wpcf7-form-control wpcf7-radio\"><span class=\"wpcf7-list-item first\"><label><input type=\"radio\" name=\"notify-person\" value=\"Gefl\u00fcchtete Person\" \/><span class=\"wpcf7-list-item-label\">Gefl\u00fcchtete Person<\/span><\/label><\/span><span class=\"wpcf7-list-item\"><label><input type=\"radio\" name=\"notify-person\" value=\"Anmeldende Instanz\" \/><span class=\"wpcf7-list-item-label\">Anmeldende Instanz<\/span><\/label><\/span><span class=\"wpcf7-list-item last\"><label><input type=\"radio\" name=\"notify-person\" value=\"Weitere\" \/><span class=\"wpcf7-list-item-label\">Weitere<\/span><\/label><\/span><\/span><\/span><br \/>\n<\/label>\n<\/p>\n<p><label><b>Falls \u201eWeitere\u201d: (Name, Vorname, Telefon, E-Mail)<\/b><br \/>\n<span class=\"wpcf7-form-control-wrap\" data-name=\"notify-other\"><input size=\"40\" maxlength=\"400\" class=\"wpcf7-form-control wpcf7-text\" aria-invalid=\"false\" value=\"\" type=\"text\" name=\"notify-other\" \/><\/span><br \/>\n<\/label>\n<\/p>\n<h4>Hintergrundinformationen\n<\/h4>\n<p><label><b>Herkunftsland<\/b><br \/>\n<span class=\"wpcf7-form-control-wrap\" data-name=\"country\"><input size=\"40\" maxlength=\"400\" class=\"wpcf7-form-control wpcf7-text wpcf7-validates-as-required\" aria-required=\"true\" aria-invalid=\"false\" value=\"\" type=\"text\" name=\"country\" \/><\/span><br \/>\n<\/label>\n<\/p>\n<p><label><b>In Deutschland seit (MM\/JJJJ)<\/b><br \/>\n<span class=\"wpcf7-form-control-wrap\" data-name=\"germany-since\"><input size=\"40\" maxlength=\"400\" class=\"wpcf7-form-control wpcf7-text\" aria-invalid=\"false\" value=\"\" type=\"text\" name=\"germany-since\" \/><\/span><br \/>\n<\/label>\n<\/p>\n<p><label><b>Sprachen, in denen eine gute Kommunikation stattfinden kann<\/b><br \/>\n<span class=\"wpcf7-form-control-wrap\" data-name=\"languages\"><input size=\"40\" maxlength=\"400\" class=\"wpcf7-form-control wpcf7-text wpcf7-validates-as-required\" aria-required=\"true\" aria-invalid=\"false\" value=\"\" type=\"text\" name=\"languages\" \/><\/span><br \/>\n<\/label>\n<\/p>\n<p><label><b>Anlass der Anfrage, worum geht es?<\/b><br \/>\n<span class=\"wpcf7-form-control-wrap\" data-name=\"request-reason\"><textarea cols=\"40\" rows=\"10\" maxlength=\"2000\" class=\"wpcf7-form-control wpcf7-textarea\" aria-invalid=\"false\" name=\"request-reason\"><\/textarea><\/span><br \/>\n<\/label>\n<\/p>\n<h4>Aufenthaltsstatus\n<\/h4>\n<p><label><span class=\"wpcf7-form-control-wrap\" data-name=\"status\"><span class=\"wpcf7-form-control wpcf7-radio\"><span class=\"wpcf7-list-item first\"><label><input type=\"radio\" name=\"status\" value=\"Ankunftsnachweis\" \/><span class=\"wpcf7-list-item-label\">Ankunftsnachweis<\/span><\/label><\/span><span class=\"wpcf7-list-item\"><label><input type=\"radio\" name=\"status\" value=\"Aufenthaltsgestattung\" \/><span class=\"wpcf7-list-item-label\">Aufenthaltsgestattung<\/span><\/label><\/span><span class=\"wpcf7-list-item\"><label><input type=\"radio\" name=\"status\" value=\"Aufenthaltserlaubnis\" \/><span class=\"wpcf7-list-item-label\">Aufenthaltserlaubnis<\/span><\/label><\/span><span class=\"wpcf7-list-item\"><label><input type=\"radio\" name=\"status\" value=\"Duldung\" \/><span class=\"wpcf7-list-item-label\">Duldung<\/span><\/label><\/span><span class=\"wpcf7-list-item last\"><label><input type=\"radio\" name=\"status\" value=\"Sonstiges\" \/><span class=\"wpcf7-list-item-label\">Sonstiges<\/span><\/label><\/span><\/span><\/span><br \/>\n<\/label>\n<\/p>\n<p><label><b>Falls \u201eSonstiges\u201c:<\/b><br \/>\n<span class=\"wpcf7-form-control-wrap\" data-name=\"status-other\"><input size=\"40\" maxlength=\"400\" class=\"wpcf7-form-control wpcf7-text\" aria-invalid=\"false\" value=\"\" type=\"text\" name=\"status-other\" \/><\/span><br \/>\n<\/label>\n<\/p>\n<h4>Besteht eine Anbindung an:\n<\/h4>\n<p><label><span class=\"wpcf7-form-control-wrap\" data-name=\"connection\"><span class=\"wpcf7-form-control wpcf7-radio\"><span class=\"wpcf7-list-item first\"><label><input type=\"radio\" name=\"connection\" value=\"Beratungsstelle\" \/><span class=\"wpcf7-list-item-label\">Beratungsstelle<\/span><\/label><\/span><span class=\"wpcf7-list-item\"><label><input type=\"radio\" name=\"connection\" value=\"Rechtsanw\u00e4lt:in\" \/><span class=\"wpcf7-list-item-label\">Rechtsanw\u00e4lt:in<\/span><\/label><\/span><span class=\"wpcf7-list-item\"><label><input type=\"radio\" name=\"connection\" value=\"Psychiater:in \/ \u00c4rzt:in\" \/><span class=\"wpcf7-list-item-label\">Psychiater:in \/ \u00c4rzt:in<\/span><\/label><\/span><span class=\"wpcf7-list-item last\"><label><input type=\"radio\" name=\"connection\" value=\"Sonstiges\" \/><span class=\"wpcf7-list-item-label\">Sonstiges<\/span><\/label><\/span><\/span><\/span><br \/>\n<\/label>\n<\/p>\n<p><label><b>Falls \u201eSonstiges\u201c:<\/b><br \/>\n<span class=\"wpcf7-form-control-wrap\" data-name=\"connection-other\"><input size=\"40\" maxlength=\"400\" class=\"wpcf7-form-control wpcf7-text\" aria-invalid=\"false\" value=\"\" type=\"text\" name=\"connection-other\" \/><\/span><br \/>\n<\/label>\n<\/p>\n<h4>Weitere wichtige Informationen\n<\/h4>\n<p><label><span class=\"wpcf7-form-control-wrap\" data-name=\"additional-info\"><textarea cols=\"40\" rows=\"10\" maxlength=\"2000\" class=\"wpcf7-form-control wpcf7-textarea\" aria-invalid=\"false\" name=\"additional-info\"><\/textarea><\/span><\/label>\n<\/p>\n<h4>Datenschutz\n<\/h4>\n<p><label><br \/>\n<span class=\"wpcf7-form-control-wrap\" data-name=\"acceptance-61\"><span class=\"wpcf7-form-control wpcf7-acceptance\"><span class=\"wpcf7-list-item\"><label><input type=\"checkbox\" name=\"acceptance-61\" value=\"1\" aria-invalid=\"false\" \/><span class=\"wpcf7-list-item-label\">Ich erkl\u00e4re mich damit einverstanden, dass Daten zu meiner Person im Rahmen meiner Beratung im psychosozialen Zentrum im erforderlichen Umfang erfasst und gespeichert werden. Mir ist bekannt, dass die Erhebung meiner personenbezogenen Daten ausschlie\u00dflich der fachlichen Beratung im Rahmen der psychosozialen Beratung dient und die Inanspruchnahme dieser Dienstleistung ohne meine Einwilligung zur Datenerhebung nicht erfolgen kann.<\/span><\/label><\/span><\/span><\/span><br \/>\n<\/label>\n<\/p>\n<p><input class=\"wpcf7-form-control wpcf7-submit has-spinner\" type=\"submit\" value=\"Senden\" \/>\n<\/p><input type=\"hidden\" id=\"ct_checkjs_cf7_fe131d7f5a6b38b23cc967316c13dae2\" name=\"ct_checkjs_cf7\" value=\"0\" \/><script >setTimeout(function(){var ct_input_name = \"ct_checkjs_cf7_fe131d7f5a6b38b23cc967316c13dae2\";if (document.getElementById(ct_input_name) !== null) {var ct_input_value = document.getElementById(ct_input_name).value;document.getElementById(ct_input_name).value = document.getElementById(ct_input_name).value.replace(ct_input_value, '1457849480');}}, 1000);<\/script><input\n                    class=\"apbct_special_field apbct_email_id__wp_contact_form_7\"\n                    name=\"apbct__email_id__wp_contact_form_7\"\n                    aria-label=\"apbct__label_id__wp_contact_form_7\"\n                    type=\"text\" size=\"30\" maxlength=\"200\" autocomplete=\"off\"\n                    value=\"\"\n                \/><p style=\"display: none !important;\" class=\"akismet-fields-container\" data-prefix=\"_wpcf7_ak_\"><label>&#916;<textarea name=\"_wpcf7_ak_hp_textarea\" cols=\"45\" rows=\"8\" maxlength=\"100\"><\/textarea><\/label><input type=\"hidden\" id=\"ak_js_1\" name=\"_wpcf7_ak_js\" value=\"232\"\/><script>document.getElementById( \"ak_js_1\" ).setAttribute( \"value\", ( new Date() ).getTime() );<\/script><\/p><div class=\"wpcf7-response-output\" aria-hidden=\"true\"><\/div>\n<input\n                    class=\"apbct_special_field apbct_email_id__elementor_form\"\n                    name=\"apbct__email_id__elementor_form\"\n                    aria-label=\"apbct__label_id__elementor_form\"\n                    type=\"text\" size=\"30\" maxlength=\"200\" autocomplete=\"off\"\n                    value=\"\"\n                \/><\/form>\n<\/div>\n<\/div>\n\t\t\t\t\t\t<\/div>\n\t\t\t\t<div class=\"elementor-element elementor-element-f3f0c1a elementor-widget elementor-widget-spacer\" data-id=\"f3f0c1a\" data-element_type=\"widget\" data-e-type=\"widget\" data-widget_type=\"spacer.default\">\n\t\t\t\t\t\t\t<div class=\"elementor-spacer\">\n\t\t\t<div class=\"elementor-spacer-inner\"><\/div>\n\t\t<\/div>\n\t\t\t\t\t\t<\/div>\n\t\t\t\t\t<\/div>\n\t\t\t\t<\/div>\n\t\t<div class=\"elementor-element elementor-element-be5a62f e-flex e-con-boxed e-con e-parent\" data-id=\"be5a62f\" data-element_type=\"container\" data-e-type=\"container\">\n\t\t\t\t\t<div class=\"e-con-inner\">\n\t\t\t\t\t<\/div>\n\t\t\t\t<\/div>\n\t\t<div class=\"elementor-element elementor-element-0c018ed e-flex e-con-boxed e-con e-parent\" data-id=\"0c018ed\" data-element_type=\"container\" data-e-type=\"container\">\n\t\t\t\t\t<div class=\"e-con-inner\">\n\t\t\t\t\t<\/div>\n\t\t\t\t<\/div>\n\t\t\t\t<\/div>\n\t\t","protected":false},"excerpt":{"rendered":"<p>Psychosoziales Zentrum f\u00fcr Gefl\u00fcchtete \u2013 M\u00f6nchengladbach im SKM M\u00f6nchengladbach e.V.Waisenhausstra\u00dfe 22c41236 M\u00f6nchengladbachTel.: 02166 130 97 66Fax: 02166 130 97 69E-Mail: [&hellip;]<\/p>\n","protected":false},"author":1,"featured_media":645,"parent":0,"menu_order":1,"comment_status":"closed","ping_status":"closed","template":"","meta":{"site-sidebar-layout":"default","site-content-layout":"","ast-site-content-layout":"default","site-content-style":"default","site-sidebar-style":"default","ast-global-header-display":"","ast-banner-title-visibility":"","ast-main-header-display":"","ast-hfb-above-header-display":"","ast-hfb-below-header-display":"","ast-hfb-mobile-header-display":"","site-post-title":"","ast-breadcrumbs-content":"","ast-featured-img":"","footer-sml-layout":"","ast-disable-related-posts":"","theme-transparent-header-meta":"","adv-header-id-meta":"","stick-header-meta":"","header-above-stick-meta":"","header-main-stick-meta":"","header-below-stick-meta":"","astra-migrate-meta-layouts":"default","ast-page-background-enabled":"default","ast-page-background-meta":{"desktop":{"background-color":"var(--ast-global-color-5)","background-image":"","background-repeat":"repeat","background-position":"center center","background-size":"auto","background-attachment":"scroll","background-type":"","background-media":"","overlay-type":"","overlay-color":"","overlay-opacity":"","overlay-gradient":""},"tablet":{"background-color":"","background-image":"","background-repeat":"repeat","background-position":"center center","background-size":"auto","background-attachment":"scroll","background-type":"","background-media":"","overlay-type":"","overlay-color":"","overlay-opacity":"","overlay-gradient":""},"mobile":{"background-color":"","background-image":"","background-repeat":"repeat","background-position":"center center","background-size":"auto","background-attachment":"scroll","background-type":"","background-media":"","overlay-type":"","overlay-color":"","overlay-opacity":"","overlay-gradient":""}},"ast-content-background-meta":{"desktop":{"background-color":"var(--ast-global-color-4)","background-image":"","background-repeat":"repeat","background-position":"center center","background-size":"auto","background-attachment":"scroll","background-type":"","background-media":"","overlay-type":"","overlay-color":"","overlay-opacity":"","overlay-gradient":""},"tablet":{"background-color":"var(--ast-global-color-4)","background-image":"","background-repeat":"repeat","background-position":"center center","background-size":"auto","background-attachment":"scroll","background-type":"","background-media":"","overlay-type":"","overlay-color":"","overlay-opacity":"","overlay-gradient":""},"mobile":{"background-color":"var(--ast-global-color-4)","background-image":"","background-repeat":"repeat","background-position":"center center","background-size":"auto","background-attachment":"scroll","background-type":"","background-media":"","overlay-type":"","overlay-color":"","overlay-opacity":"","overlay-gradient":""}},"footnotes":""},"class_list":["post-16","page","type-page","status-publish","has-post-thumbnail","hentry"],"_links":{"self":[{"href":"https:\/\/psz-mg.de\/wp-json\/wp\/v2\/pages\/16","targetHints":{"allow":["GET"]}}],"collection":[{"href":"https:\/\/psz-mg.de\/wp-json\/wp\/v2\/pages"}],"about":[{"href":"https:\/\/psz-mg.de\/wp-json\/wp\/v2\/types\/page"}],"author":[{"embeddable":true,"href":"https:\/\/psz-mg.de\/wp-json\/wp\/v2\/users\/1"}],"replies":[{"embeddable":true,"href":"https:\/\/psz-mg.de\/wp-json\/wp\/v2\/comments?post=16"}],"version-history":[{"count":318,"href":"https:\/\/psz-mg.de\/wp-json\/wp\/v2\/pages\/16\/revisions"}],"predecessor-version":[{"id":4287,"href":"https:\/\/psz-mg.de\/wp-json\/wp\/v2\/pages\/16\/revisions\/4287"}],"wp:featuredmedia":[{"embeddable":true,"href":"https:\/\/psz-mg.de\/wp-json\/wp\/v2\/media\/645"}],"wp:attachment":[{"href":"https:\/\/psz-mg.de\/wp-json\/wp\/v2\/media?parent=16"}],"curies":[{"name":"wp","href":"https:\/\/api.w.org\/{rel}","templated":true}]}}