{"id":1345,"date":"2025-08-20T10:49:42","date_gmt":"2025-08-20T08:49:42","guid":{"rendered":"https:\/\/psz-mg.de\/?page_id=1345"},"modified":"2026-04-16T12:43:19","modified_gmt":"2026-04-16T10:43:19","slug":"psychologische-beratung","status":"publish","type":"page","link":"https:\/\/psz-mg.de\/projekte-angebote__trashed\/psychologische-beratung\/","title":{"rendered":"Psychologische Beratung"},"content":{"rendered":"\t\t<div data-elementor-type=\"wp-page\" data-elementor-id=\"1345\" class=\"elementor elementor-1345\">\n\t\t\t\t<div class=\"elementor-element elementor-element-d1fc4c3 e-flex e-con-boxed e-con e-parent\" data-id=\"d1fc4c3\" data-element_type=\"container\" data-e-type=\"container\">\n\t\t\t\t\t<div class=\"e-con-inner\">\n\t\t\t\t<div class=\"elementor-element elementor-element-dce3681 elementor-widget elementor-widget-spacer\" data-id=\"dce3681\" data-element_type=\"widget\" data-e-type=\"widget\" data-widget_type=\"spacer.default\">\n\t\t\t\t\t\t\t<div class=\"elementor-spacer\">\n\t\t\t<div class=\"elementor-spacer-inner\"><\/div>\n\t\t<\/div>\n\t\t\t\t\t\t<\/div>\n\t\t\t\t<div class=\"elementor-element elementor-element-c31ca89 elementor-widget elementor-widget-image\" data-id=\"c31ca89\" data-element_type=\"widget\" data-e-type=\"widget\" data-widget_type=\"image.default\">\n\t\t\t\t\t\t\t\t\t\t\t\t\t\t\t<img fetchpriority=\"high\" decoding=\"async\" width=\"300\" height=\"200\" src=\"https:\/\/psz-mg.de\/wp-content\/uploads\/2026\/02\/psychotherapie-300x200.png\" class=\"attachment-medium size-medium wp-image-2864\" alt=\"\" srcset=\"https:\/\/psz-mg.de\/wp-content\/uploads\/2026\/02\/psychotherapie-300x200.png 300w, https:\/\/psz-mg.de\/wp-content\/uploads\/2026\/02\/psychotherapie-1024x683.png 1024w, https:\/\/psz-mg.de\/wp-content\/uploads\/2026\/02\/psychotherapie-768x512.png 768w, https:\/\/psz-mg.de\/wp-content\/uploads\/2026\/02\/psychotherapie.png 1536w\" sizes=\"(max-width: 300px) 100vw, 300px\" \/>\t\t\t\t\t\t\t\t\t\t\t\t\t\t\t<\/div>\n\t\t\t\t<div class=\"elementor-element elementor-element-023c9f0 elementor-widget elementor-widget-spacer\" data-id=\"023c9f0\" data-element_type=\"widget\" data-e-type=\"widget\" data-widget_type=\"spacer.default\">\n\t\t\t\t\t\t\t<div class=\"elementor-spacer\">\n\t\t\t<div class=\"elementor-spacer-inner\"><\/div>\n\t\t<\/div>\n\t\t\t\t\t\t<\/div>\n\t\t\t\t\t<\/div>\n\t\t\t\t<\/div>\n\t\t<div class=\"elementor-element elementor-element-e213dee e-flex e-con-boxed e-con e-parent\" data-id=\"e213dee\" data-element_type=\"container\" data-e-type=\"container\">\n\t\t\t\t\t<div class=\"e-con-inner\">\n\t\t\t\t<div class=\"elementor-element elementor-element-d832e1a elementor-widget elementor-widget-text-editor\" data-id=\"d832e1a\" data-element_type=\"widget\" data-e-type=\"widget\" data-widget_type=\"text-editor.default\">\n\t\t\t\t\t\t\t\t\t<div class=\"wpb_column vc_column_container vc_col-sm-8\"><div class=\"vc_column-inner\"><div class=\"wpb_wrapper\"><div class=\"wpb_text_column wpb_content_element \"><div class=\"wpb_wrapper\"><div id=\"loal2h-accordion\" role=\"tabpanel\" data-tab-content=\"\" aria-labelledby=\"loal2h-accordion-label\" aria-hidden=\"true\"><div class=\"text-element cell large-8 large-offset-2\"><p>Unsere Psycholog:innen behandeln psychisch belastete Menschen in Form von ganzheitlich und interkulturell verstandener Psychotherapie sowie psychologischer Beratung. Hierf\u00fcr arbeiten wir gemeinsam mit geschulten Sprachmittler:innen in \u00fcber 40 Sprachen. Unsere Therapie soll sowohl r\u00e4umlich als auch metaphorisch einen Ort der Sicherheit und Ruhe f\u00fcr die meist besonders schutzbed\u00fcrftigen Betroffenen schaffen.<\/p><p>Wir sind ein Team aus approbierten Psychotherapeut:innen sowie Psychotherapeut:innen in Ausbildung. Wir vertreten sowohl verhaltenstherapeutische als auch tiefenpsychologisch fundierte Ans\u00e4tze und befinden uns im fortw\u00e4hrenden Austausch miteinander.<\/p><\/div><\/div><\/div><\/div><\/div><\/div><\/div>\t\t\t\t\t\t\t\t<\/div>\n\t\t\t\t<div class=\"elementor-element elementor-element-e2ad86c elementor-widget elementor-widget-heading\" data-id=\"e2ad86c\" data-element_type=\"widget\" data-e-type=\"widget\" data-widget_type=\"heading.default\">\n\t\t\t\t\t<h3 class=\"elementor-heading-title elementor-size-default\">Unser psychotherapeutisches Angebot umfasst ...<\/h3>\t\t\t\t<\/div>\n\t\t\t\t<div class=\"elementor-element elementor-element-976a807 elementor-widget elementor-widget-text-editor\" data-id=\"976a807\" data-element_type=\"widget\" data-e-type=\"widget\" data-widget_type=\"text-editor.default\">\n\t\t\t\t\t\t\t\t\t<div class=\"wpb_column vc_column_container vc_col-sm-8\"><div class=\"vc_column-inner\"><div class=\"wpb_wrapper\"><div class=\"wpb_text_column wpb_content_element \"><div class=\"wpb_wrapper\"><div id=\"loal2h-accordion\" role=\"tabpanel\" data-tab-content=\"\" aria-labelledby=\"loal2h-accordion-label\" aria-hidden=\"true\"><div class=\"text-element cell large-8 large-offset-2\"><ul><li>psychologische Anamneseerhebung und Diagnoseerstellung<\/li><li>psychologische Unterst\u00fctzungs- und Stabilisierungsgespr\u00e4che<\/li><li>Paar- und Familientherapie\/-gespr\u00e4che<\/li><li>Kooperation mit anderen Stellen des Gesundheitssystems, bspw. Psychiater:innen, Psychiatrien, \u2026<\/li><li>Personen ab 18 Jahren nehmen wir gerne in die psychologische Beratung auf.<\/li><li>J\u00fcngere Kinder und Jugendliche unterst\u00fctzen wir durch unsere Gruppenangebote und vermitteln Sie gerne in unser Kooperationsnetzwerk.<\/li><\/ul><\/div><\/div><\/div><\/div><\/div><\/div><\/div>\t\t\t\t\t\t\t\t<\/div>\n\t\t\t\t\t<\/div>\n\t\t\t\t<\/div>\n\t\t<div class=\"elementor-element elementor-element-d9a2ad2 e-flex e-con-boxed e-con e-parent\" data-id=\"d9a2ad2\" data-element_type=\"container\" data-e-type=\"container\">\n\t\t\t\t\t<div class=\"e-con-inner\">\n\t\t\t\t<div class=\"elementor-element elementor-element-7730de6 elementor-widget elementor-widget-image\" data-id=\"7730de6\" data-element_type=\"widget\" data-e-type=\"widget\" data-widget_type=\"image.default\">\n\t\t\t\t\t\t\t\t\t\t\t\t\t\t\t<img decoding=\"async\" width=\"300\" height=\"200\" src=\"https:\/\/psz-mg.de\/wp-content\/uploads\/2026\/02\/Therapie-zu-dritt_neu-1-300x200.png\" class=\"attachment-medium size-medium wp-image-2875\" alt=\"\" srcset=\"https:\/\/psz-mg.de\/wp-content\/uploads\/2026\/02\/Therapie-zu-dritt_neu-1-300x200.png 300w, https:\/\/psz-mg.de\/wp-content\/uploads\/2026\/02\/Therapie-zu-dritt_neu-1-1024x683.png 1024w, https:\/\/psz-mg.de\/wp-content\/uploads\/2026\/02\/Therapie-zu-dritt_neu-1-768x512.png 768w, https:\/\/psz-mg.de\/wp-content\/uploads\/2026\/02\/Therapie-zu-dritt_neu-1.png 1536w\" sizes=\"(max-width: 300px) 100vw, 300px\" \/>\t\t\t\t\t\t\t\t\t\t\t\t\t\t\t<\/div>\n\t\t\t\t<div class=\"elementor-element elementor-element-33f2ecc elementor-widget elementor-widget-spacer\" data-id=\"33f2ecc\" data-element_type=\"widget\" data-e-type=\"widget\" data-widget_type=\"spacer.default\">\n\t\t\t\t\t\t\t<div class=\"elementor-spacer\">\n\t\t\t<div class=\"elementor-spacer-inner\"><\/div>\n\t\t<\/div>\n\t\t\t\t\t\t<\/div>\n\t\t<div class=\"elementor-element elementor-element-537d704 e-con-full e-flex e-con e-child\" data-id=\"537d704\" data-element_type=\"container\" data-e-type=\"container\">\n\t\t\t\t<div class=\"elementor-element elementor-element-1b32275 elementor-widget elementor-widget-heading\" data-id=\"1b32275\" data-element_type=\"widget\" data-e-type=\"widget\" data-widget_type=\"heading.default\">\n\t\t\t\t\t<h3 class=\"elementor-heading-title elementor-size-default\">Therapie zu dritt<\/h3>\t\t\t\t<\/div>\n\t\t\t\t<div class=\"elementor-element elementor-element-ef028db elementor-widget__width-initial elementor-widget elementor-widget-text-editor\" data-id=\"ef028db\" data-element_type=\"widget\" data-e-type=\"widget\" data-widget_type=\"text-editor.default\">\n\t\t\t\t\t\t\t\t\t<p class=\"x_MsoNormal\" data-olk-copy-source=\"MessageBody\">In unserer Beratung arbeiten wir bei Bedarf im Setting der \u201eTherapie zu dritt\u201c: Neben Therapeut:in und Patient:in ist eine geschulte Sprach- und Kulturmittler:in anwesend.<\/p><p class=\"x_MsoNormal\">Dieses Format nutzen wir, wenn sprachliche oder kulturelle Unterschiede die Verst\u00e4ndigung erschweren. Unsere Dolmetscher:innen sind kultursensibel geschult, \u00fcbersetzen pr\u00e4zise und helfen, Bedeutungen verst\u00e4ndlich zu machen \u2013 neutral, vertraulich und ohne in den therapeutischen Prozess einzugreifen.<\/p><p class=\"x_MsoNormal\">So erm\u00f6glichen wir eine sichere, verst\u00e4ndliche Kommunikation und schaffen Zugang zu Therapie \u00fcber Sprach- und Kulturgrenzen hinweg.<\/p>\t\t\t\t\t\t\t\t<\/div>\n\t\t\t\t<\/div>\n\t\t\t\t\t<\/div>\n\t\t\t\t<\/div>\n\t\t<div class=\"elementor-element elementor-element-7f2a2e2 e-flex e-con-boxed e-con e-parent\" data-id=\"7f2a2e2\" data-element_type=\"container\" data-e-type=\"container\">\n\t\t\t\t\t<div class=\"e-con-inner\">\n\t\t\t\t<div class=\"elementor-element elementor-element-0eb1095 elementor-widget elementor-widget-spacer\" data-id=\"0eb1095\" data-element_type=\"widget\" data-e-type=\"widget\" data-widget_type=\"spacer.default\">\n\t\t\t\t\t\t\t<div class=\"elementor-spacer\">\n\t\t\t<div class=\"elementor-spacer-inner\"><\/div>\n\t\t<\/div>\n\t\t\t\t\t\t<\/div>\n\t\t\t\t\t<\/div>\n\t\t\t\t<\/div>\n\t\t<div class=\"elementor-element elementor-element-67babc7 e-flex e-con-boxed e-con e-parent\" data-id=\"67babc7\" data-element_type=\"container\" data-e-type=\"container\">\n\t\t\t\t\t<div class=\"e-con-inner\">\n\t\t\t\t\t<\/div>\n\t\t\t\t<\/div>\n\t\t\t\t<\/div>\n\t\t","protected":false},"excerpt":{"rendered":"<p>Unsere Psycholog:innen behandeln psychisch belastete Menschen in Form von ganzheitlich und interkulturell verstandener Psychotherapie sowie psychologischer Beratung. Hierf\u00fcr arbeiten wir [&hellip;]<\/p>\n","protected":false},"author":1,"featured_media":645,"parent":187,"menu_order":1,"comment_status":"closed","ping_status":"closed","template":"","meta":{"site-sidebar-layout":"default","site-content-layout":"","ast-site-content-layout":"default","site-content-style":"default","site-sidebar-style":"default","ast-global-header-display":"","ast-banner-title-visibility":"","ast-main-header-display":"","ast-hfb-above-header-display":"","ast-hfb-below-header-display":"","ast-hfb-mobile-header-display":"","site-post-title":"","ast-breadcrumbs-content":"","ast-featured-img":"","footer-sml-layout":"","ast-disable-related-posts":"","theme-transparent-header-meta":"","adv-header-id-meta":"","stick-header-meta":"","header-above-stick-meta":"","header-main-stick-meta":"","header-below-stick-meta":"","astra-migrate-meta-layouts":"default","ast-page-background-enabled":"default","ast-page-background-meta":{"desktop":{"background-color":"var(--ast-global-color-5)","background-image":"","background-repeat":"repeat","background-position":"center center","background-size":"auto","background-attachment":"scroll","background-type":"","background-media":"","overlay-type":"","overlay-color":"","overlay-opacity":"","overlay-gradient":""},"tablet":{"background-color":"","background-image":"","background-repeat":"repeat","background-position":"center center","background-size":"auto","background-attachment":"scroll","background-type":"","background-media":"","overlay-type":"","overlay-color":"","overlay-opacity":"","overlay-gradient":""},"mobile":{"background-color":"","background-image":"","background-repeat":"repeat","background-position":"center center","background-size":"auto","background-attachment":"scroll","background-type":"","background-media":"","overlay-type":"","overlay-color":"","overlay-opacity":"","overlay-gradient":""}},"ast-content-background-meta":{"desktop":{"background-color":"var(--ast-global-color-4)","background-image":"","background-repeat":"repeat","background-position":"center center","background-size":"auto","background-attachment":"scroll","background-type":"","background-media":"","overlay-type":"","overlay-color":"","overlay-opacity":"","overlay-gradient":""},"tablet":{"background-color":"var(--ast-global-color-4)","background-image":"","background-repeat":"repeat","background-position":"center center","background-size":"auto","background-attachment":"scroll","background-type":"","background-media":"","overlay-type":"","overlay-color":"","overlay-opacity":"","overlay-gradient":""},"mobile":{"background-color":"var(--ast-global-color-4)","background-image":"","background-repeat":"repeat","background-position":"center center","background-size":"auto","background-attachment":"scroll","background-type":"","background-media":"","overlay-type":"","overlay-color":"","overlay-opacity":"","overlay-gradient":""}},"footnotes":""},"class_list":["post-1345","page","type-page","status-publish","has-post-thumbnail","hentry"],"_links":{"self":[{"href":"https:\/\/psz-mg.de\/wp-json\/wp\/v2\/pages\/1345","targetHints":{"allow":["GET"]}}],"collection":[{"href":"https:\/\/psz-mg.de\/wp-json\/wp\/v2\/pages"}],"about":[{"href":"https:\/\/psz-mg.de\/wp-json\/wp\/v2\/types\/page"}],"author":[{"embeddable":true,"href":"https:\/\/psz-mg.de\/wp-json\/wp\/v2\/users\/1"}],"replies":[{"embeddable":true,"href":"https:\/\/psz-mg.de\/wp-json\/wp\/v2\/comments?post=1345"}],"version-history":[{"count":76,"href":"https:\/\/psz-mg.de\/wp-json\/wp\/v2\/pages\/1345\/revisions"}],"predecessor-version":[{"id":4284,"href":"https:\/\/psz-mg.de\/wp-json\/wp\/v2\/pages\/1345\/revisions\/4284"}],"up":[{"embeddable":true,"href":"https:\/\/psz-mg.de\/wp-json\/wp\/v2\/pages\/187"}],"wp:featuredmedia":[{"embeddable":true,"href":"https:\/\/psz-mg.de\/wp-json\/wp\/v2\/media\/645"}],"wp:attachment":[{"href":"https:\/\/psz-mg.de\/wp-json\/wp\/v2\/media?parent=1345"}],"curies":[{"name":"wp","href":"https:\/\/api.w.org\/{rel}","templated":true}]}}