{"id":12,"date":"2025-08-15T00:19:15","date_gmt":"2025-08-14T22:19:15","guid":{"rendered":"https:\/\/psz-mg.de\/?page_id=12"},"modified":"2026-03-28T01:31:14","modified_gmt":"2026-03-28T00:31:14","slug":"home","status":"publish","type":"page","link":"https:\/\/psz-mg.de\/","title":{"rendered":"Das PSZ MG"},"content":{"rendered":"\t\t<div data-elementor-type=\"wp-page\" data-elementor-id=\"12\" class=\"elementor elementor-12\">\n\t\t\t\t<div class=\"elementor-element elementor-element-90a70ff e-con-full e-flex e-con e-parent\" data-id=\"90a70ff\" data-element_type=\"container\" data-e-type=\"container\">\n\t\t\t\t<div class=\"elementor-element elementor-element-a23912d elementor-widget-mobile__width-initial elementor-widget elementor-widget-image\" data-id=\"a23912d\" data-element_type=\"widget\" data-e-type=\"widget\" data-widget_type=\"image.default\">\n\t\t\t\t\t\t\t\t\t\t\t\t\t\t\t<img fetchpriority=\"high\" decoding=\"async\" width=\"803\" height=\"807\" src=\"https:\/\/psz-mg.de\/wp-content\/uploads\/2025\/08\/cropped-PSZ-Logo_neu_Kreis.png\" class=\"attachment-full size-full wp-image-136\" alt=\"logo_psz\" srcset=\"https:\/\/psz-mg.de\/wp-content\/uploads\/2025\/08\/cropped-PSZ-Logo_neu_Kreis.png 803w, https:\/\/psz-mg.de\/wp-content\/uploads\/2025\/08\/cropped-PSZ-Logo_neu_Kreis-300x300.png 300w, https:\/\/psz-mg.de\/wp-content\/uploads\/2025\/08\/cropped-PSZ-Logo_neu_Kreis-150x150.png 150w, https:\/\/psz-mg.de\/wp-content\/uploads\/2025\/08\/cropped-PSZ-Logo_neu_Kreis-768x772.png 768w, https:\/\/psz-mg.de\/wp-content\/uploads\/2025\/08\/cropped-PSZ-Logo_neu_Kreis-360x362.png 360w\" sizes=\"(max-width: 803px) 100vw, 803px\" \/>\t\t\t\t\t\t\t\t\t\t\t\t\t\t\t<\/div>\n\t\t\t\t<\/div>\n\t\t<div class=\"elementor-element elementor-element-f240fc6 e-flex e-con-boxed e-con e-parent\" data-id=\"f240fc6\" data-element_type=\"container\" data-e-type=\"container\" data-settings=\"{&quot;shape_divider_top&quot;:&quot;mountains&quot;}\">\n\t\t\t\t\t<div class=\"e-con-inner\">\n\t\t\t\t<div class=\"elementor-shape elementor-shape-top\" aria-hidden=\"true\" data-negative=\"false\">\n\t\t\t<svg xmlns=\"http:\/\/www.w3.org\/2000\/svg\" viewBox=\"0 0 1000 100\" preserveAspectRatio=\"none\">\n\t<path class=\"elementor-shape-fill\" opacity=\"0.33\" d=\"M473,67.3c-203.9,88.3-263.1-34-320.3,0C66,119.1,0,59.7,0,59.7V0h1000v59.7 c0,0-62.1,26.1-94.9,29.3c-32.8,3.3-62.8-12.3-75.8-22.1C806,49.6,745.3,8.7,694.9,4.7S492.4,59,473,67.3z\"\/>\n\t<path class=\"elementor-shape-fill\" opacity=\"0.66\" d=\"M734,67.3c-45.5,0-77.2-23.2-129.1-39.1c-28.6-8.7-150.3-10.1-254,39.1 s-91.7-34.4-149.2,0C115.7,118.3,0,39.8,0,39.8V0h1000v36.5c0,0-28.2-18.5-92.1-18.5C810.2,18.1,775.7,67.3,734,67.3z\"\/>\n\t<path class=\"elementor-shape-fill\" d=\"M766.1,28.9c-200-57.5-266,65.5-395.1,19.5C242,1.8,242,5.4,184.8,20.6C128,35.8,132.3,44.9,89.9,52.5C28.6,63.7,0,0,0,0 h1000c0,0-9.9,40.9-83.6,48.1S829.6,47,766.1,28.9z\"\/>\n<\/svg>\t\t<\/div>\n\t\t\t\t<div class=\"elementor-element elementor-element-d28323a elementor-widget-divider--view-line elementor-widget elementor-widget-divider\" data-id=\"d28323a\" data-element_type=\"widget\" data-e-type=\"widget\" data-widget_type=\"divider.default\">\n\t\t\t\t\t\t\t<div class=\"elementor-divider\">\n\t\t\t<span class=\"elementor-divider-separator\">\n\t\t\t\t\t\t<\/span>\n\t\t<\/div>\n\t\t\t\t\t\t<\/div>\n\t\t\t\t\t<\/div>\n\t\t\t\t<\/div>\n\t\t<div class=\"elementor-element elementor-element-3488c47 e-flex e-con-boxed e-con e-parent\" data-id=\"3488c47\" data-element_type=\"container\" data-e-type=\"container\">\n\t\t\t\t\t<div class=\"e-con-inner\">\n\t\t<div class=\"elementor-element elementor-element-2126f61 e-con-full e-flex e-con e-child\" data-id=\"2126f61\" data-element_type=\"container\" data-e-type=\"container\">\n\t\t\t\t<div class=\"elementor-element elementor-element-0a925fd elementor-widget__width-initial elementor-invisible elementor-widget elementor-widget-text-editor\" data-id=\"0a925fd\" data-element_type=\"widget\" data-e-type=\"widget\" data-settings=\"{&quot;_animation&quot;:&quot;fadeIn&quot;}\" data-widget_type=\"text-editor.default\">\n\t\t\t\t\t\t\t\t\t<p>Das Psychosoziale Zentrum f\u00fcr Gefl\u00fcchtete in <a href=\"https:\/\/skm-mg.de\/\"><strong><span style=\"color: #808080;\">Tr\u00e4gerschaft des SKM M\u00f6nchengladbach<\/span><\/strong><\/a> \u2013 richtet sich an Gefl\u00fcchtete aus M\u00f6nchengladbach und Umgebung, die sich als psychisch oder sozial belastet erleben und psychosoziale Unterst\u00fctzung ben\u00f6tigen.<\/p><p>Wir sind ein Team aus Psycholog:innen und Sozialarbeiter:innen und sprechen Deutsch, Englisch und Arabisch. F\u00fcr alle anderen Sprachen f\u00fchren wir die Gespr\u00e4che zusammen mit Sprachmittler:innen durch.<\/p><p>Unsere Arbeit orientiert sich an den kulturellen Hintergr\u00fcnden der Gefl\u00fcchteten und legt den Fokus auf ihre individuellen St\u00e4rken.<br data-start=\"334\" data-end=\"337\" \/>Wir m\u00f6chten einen sicheren Raum schaffen, in dem sie zur Ruhe kommen, Stabilit\u00e4t gewinnen und neue Perspektiven f\u00fcr ein selbstbestimmtes Leben entwickeln k\u00f6nnen.<\/p>\t\t\t\t\t\t\t\t<\/div>\n\t\t\t\t<\/div>\n\t\t<div class=\"elementor-element elementor-element-864ed04 e-con-full e-flex e-con e-child\" data-id=\"864ed04\" data-element_type=\"container\" data-e-type=\"container\">\n\t\t\t\t<div class=\"elementor-element elementor-element-ce727d7 elementor-invisible elementor-widget elementor-widget-text-editor\" data-id=\"ce727d7\" data-element_type=\"widget\" data-e-type=\"widget\" data-settings=\"{&quot;_animation&quot;:&quot;fadeIn&quot;}\" data-widget_type=\"text-editor.default\">\n\t\t\t\t\t\t\t\t\t<p>Langfristig begleiten wir sie dabei, traumatische Erfahrungen und seelische Belastungen zu verarbeiten und ihren eigenen Weg zu finden.<\/p><p>Vorrangig unterst\u00fctzen wir gefl\u00fcchtete Menschen, f\u00fcr die der Zugang zur regul\u00e4ren Gesundheits- und Sozialversorgung besonders schwierig ist \u2013 zum Beispiel Personen ohne Aufenthaltserlaubnis, mit unzureichendem Krankenversicherungsschutz oder mit Erfahrungen von Folter und Gewalt.<br data-start=\"374\" data-end=\"377\" \/>Dar\u00fcber hinaus helfen wir allen Ratsuchenden dabei, passende Angebote im bestehenden Versorgungssystem zu finden.<\/p>\t\t\t\t\t\t\t\t<\/div>\n\t\t\t\t<div class=\"elementor-element elementor-element-6cc816f elementor-widget elementor-widget-spacer\" data-id=\"6cc816f\" data-element_type=\"widget\" data-e-type=\"widget\" data-widget_type=\"spacer.default\">\n\t\t\t\t\t\t\t<div class=\"elementor-spacer\">\n\t\t\t<div class=\"elementor-spacer-inner\"><\/div>\n\t\t<\/div>\n\t\t\t\t\t\t<\/div>\n\t\t\t\t<div class=\"elementor-element elementor-element-300aae5 elementor-button-info elementor-align-center elementor-widget elementor-widget-button\" data-id=\"300aae5\" data-element_type=\"widget\" data-e-type=\"widget\" data-widget_type=\"button.default\">\n\t\t\t\t\t\t\t\t\t\t<a class=\"elementor-button elementor-button-link elementor-size-sm\" href=\"https:\/\/psz-mg.de\/index.php\/projekte-angebote\/\">\n\t\t\t\t\t\t<span class=\"elementor-button-content-wrapper\">\n\t\t\t\t\t\t\t\t\t<span class=\"elementor-button-text\">Zu unseren Angeboten<\/span>\n\t\t\t\t\t<\/span>\n\t\t\t\t\t<\/a>\n\t\t\t\t\t\t\t\t<\/div>\n\t\t\t\t<\/div>\n\t\t\t\t\t<\/div>\n\t\t\t\t<\/div>\n\t\t<div class=\"elementor-element elementor-element-1ca6ae5 e-flex e-con-boxed e-con e-parent\" data-id=\"1ca6ae5\" data-element_type=\"container\" data-e-type=\"container\">\n\t\t\t\t\t<div class=\"e-con-inner\">\n\t\t<div class=\"elementor-element elementor-element-b02a4e4 e-con-full e-flex e-con e-child\" data-id=\"b02a4e4\" data-element_type=\"container\" data-e-type=\"container\">\n\t\t\t\t<div class=\"elementor-element elementor-element-fca247c animated-fast elementor-invisible elementor-widget elementor-widget-text-editor\" data-id=\"fca247c\" data-element_type=\"widget\" data-e-type=\"widget\" data-settings=\"{&quot;_animation&quot;:&quot;slideInUp&quot;}\" data-widget_type=\"text-editor.default\">\n\t\t\t\t\t\t\t\t\t<p>Die Frage: Wo kommst du her? wird erst dann unverd\u00e4chtig sein, <br \/>wenn \u00e4hnlich oft gefragt wird: Wo gehst du hin?<\/p>\t\t\t\t\t\t\t\t<\/div>\n\t\t\t\t<div class=\"elementor-element elementor-element-2e654b1 elementor-widget elementor-widget-text-editor\" data-id=\"2e654b1\" data-element_type=\"widget\" data-e-type=\"widget\" data-widget_type=\"text-editor.default\">\n\t\t\t\t\t\t\t\t\t<p><strong>Ilija Trojanow<\/strong><\/p>\t\t\t\t\t\t\t\t<\/div>\n\t\t\t\t<div class=\"elementor-element elementor-element-41a5431 elementor-widget elementor-widget-spacer\" data-id=\"41a5431\" data-element_type=\"widget\" data-e-type=\"widget\" data-widget_type=\"spacer.default\">\n\t\t\t\t\t\t\t<div class=\"elementor-spacer\">\n\t\t\t<div class=\"elementor-spacer-inner\"><\/div>\n\t\t<\/div>\n\t\t\t\t\t\t<\/div>\n\t\t\t\t<\/div>\n\t\t\t\t\t<\/div>\n\t\t\t\t<\/div>\n\t\t\t\t<\/div>\n\t\t","protected":false},"excerpt":{"rendered":"<p>Das Psychosoziale Zentrum f\u00fcr Gefl\u00fcchtete in Tr\u00e4gerschaft des SKM M\u00f6nchengladbach \u2013 richtet sich an Gefl\u00fcchtete aus M\u00f6nchengladbach und Umgebung, die [&hellip;]<\/p>\n","protected":false},"author":1,"featured_media":0,"parent":0,"menu_order":0,"comment_status":"closed","ping_status":"closed","template":"","meta":{"site-sidebar-layout":"default","site-content-layout":"","ast-site-content-layout":"default","site-content-style":"default","site-sidebar-style":"default","ast-global-header-display":"","ast-banner-title-visibility":"","ast-main-header-display":"","ast-hfb-above-header-display":"","ast-hfb-below-header-display":"","ast-hfb-mobile-header-display":"","site-post-title":"","ast-breadcrumbs-content":"","ast-featured-img":"","footer-sml-layout":"","ast-disable-related-posts":"","theme-transparent-header-meta":"","adv-header-id-meta":"","stick-header-meta":"","header-above-stick-meta":"","header-main-stick-meta":"","header-below-stick-meta":"","astra-migrate-meta-layouts":"default","ast-page-background-enabled":"default","ast-page-background-meta":{"desktop":{"background-color":"var(--ast-global-color-5)","background-image":"","background-repeat":"repeat","background-position":"center center","background-size":"auto","background-attachment":"scroll","background-type":"","background-media":"","overlay-type":"","overlay-color":"","overlay-opacity":"","overlay-gradient":""},"tablet":{"background-color":"","background-image":"","background-repeat":"repeat","background-position":"center center","background-size":"auto","background-attachment":"scroll","background-type":"","background-media":"","overlay-type":"","overlay-color":"","overlay-opacity":"","overlay-gradient":""},"mobile":{"background-color":"","background-image":"","background-repeat":"repeat","background-position":"center center","background-size":"auto","background-attachment":"scroll","background-type":"","background-media":"","overlay-type":"","overlay-color":"","overlay-opacity":"","overlay-gradient":""}},"ast-content-background-meta":{"desktop":{"background-color":"var(--ast-global-color-4)","background-image":"","background-repeat":"repeat","background-position":"center center","background-size":"auto","background-attachment":"scroll","background-type":"","background-media":"","overlay-type":"","overlay-color":"","overlay-opacity":"","overlay-gradient":""},"tablet":{"background-color":"var(--ast-global-color-4)","background-image":"","background-repeat":"repeat","background-position":"center center","background-size":"auto","background-attachment":"scroll","background-type":"","background-media":"","overlay-type":"","overlay-color":"","overlay-opacity":"","overlay-gradient":""},"mobile":{"background-color":"var(--ast-global-color-4)","background-image":"","background-repeat":"repeat","background-position":"center center","background-size":"auto","background-attachment":"scroll","background-type":"","background-media":"","overlay-type":"","overlay-color":"","overlay-opacity":"","overlay-gradient":""}},"footnotes":""},"class_list":["post-12","page","type-page","status-publish","hentry"],"_links":{"self":[{"href":"https:\/\/psz-mg.de\/wp-json\/wp\/v2\/pages\/12","targetHints":{"allow":["GET"]}}],"collection":[{"href":"https:\/\/psz-mg.de\/wp-json\/wp\/v2\/pages"}],"about":[{"href":"https:\/\/psz-mg.de\/wp-json\/wp\/v2\/types\/page"}],"author":[{"embeddable":true,"href":"https:\/\/psz-mg.de\/wp-json\/wp\/v2\/users\/1"}],"replies":[{"embeddable":true,"href":"https:\/\/psz-mg.de\/wp-json\/wp\/v2\/comments?post=12"}],"version-history":[{"count":430,"href":"https:\/\/psz-mg.de\/wp-json\/wp\/v2\/pages\/12\/revisions"}],"predecessor-version":[{"id":4011,"href":"https:\/\/psz-mg.de\/wp-json\/wp\/v2\/pages\/12\/revisions\/4011"}],"wp:attachment":[{"href":"https:\/\/psz-mg.de\/wp-json\/wp\/v2\/media?parent=12"}],"curies":[{"name":"wp","href":"https:\/\/api.w.org\/{rel}","templated":true}]}}